{"id":69,"date":"2023-12-08T19:50:31","date_gmt":"2023-12-08T18:50:31","guid":{"rendered":"https:\/\/pilkosh.com\/?page_id=69"},"modified":"2023-12-08T20:57:48","modified_gmt":"2023-12-08T19:57:48","slug":"nosotros","status":"publish","type":"page","link":"https:\/\/pilkosh.com\/?page_id=69","title":{"rendered":"Nosotros"},"content":{"rendered":"\n<p>Somos un emprendimiento familiar que naci\u00f3 en el 2021 con la idea de promover productos que representen la cultura y la rica diversidad del Per\u00fa.<\/p>\n<p>Nuestros productos han sido seleccionados bajo un standard de calidad, valorando as\u00ed la materia prima y la fabricaci\u00f3n artesanal.<\/p>\n<p>Nuestro compromiso es ofrecer productos naturales, sin conservantes ni aditivos para un consumo nutritivo, saludable y delicioso.<\/p>\n\n\n\n<div style=\"height:100px\" aria-hidden=\"true\" class=\"wp-block-spacer\"><\/div>\n\n\n\n<h1 class=\"wp-block-heading\">Nuestro nombre<\/h1>\n\n\n\n<p>El nombre \u201cPilkosh\u201d proviene de la pronunciaci\u00f3n quechua de \u201cPillco\u201d, un valle ubicado en la regi\u00f3n de Hu\u00e1nuco.<\/p>\n<p>Esta region se encuentra en una zona centro-oriental del Per\u00fa, entre la cordillera de los Andes y la selva amaz\u00f3nica.<\/p>\n<p>Su situaci\u00f3n geogr\u00e1fica y su clima temperado permiten el cultivo y la producci\u00f3n de productos peruanos bandera como el cacao y el caf\u00e9.<\/p>\n","protected":false},"excerpt":{"rendered":"<p>Somos un emprendimiento familiar que naci\u00f3 en el 2021 con la idea de promover productos que representen la cultura y la rica diversidad del Per\u00fa. Nuestros productos han sido seleccionados bajo un standard de calidad, valorando as\u00ed la materia prima y la fabricaci\u00f3n artesanal. Nuestro compromiso es ofrecer productos naturales, sin conservantes ni aditivos para [&hellip;]<\/p>\n","protected":false},"author":1,"featured_media":0,"parent":0,"menu_order":0,"comment_status":"closed","ping_status":"closed","template":"","meta":{"om_disable_all_campaigns":false,"_monsterinsights_skip_tracking":false,"_monsterinsights_sitenote_active":false,"_monsterinsights_sitenote_note":"","_monsterinsights_sitenote_category":0,"footnotes":""},"aioseo_notices":[],"_links":{"self":[{"href":"https:\/\/pilkosh.com\/index.php?rest_route=\/wp\/v2\/pages\/69"}],"collection":[{"href":"https:\/\/pilkosh.com\/index.php?rest_route=\/wp\/v2\/pages"}],"about":[{"href":"https:\/\/pilkosh.com\/index.php?rest_route=\/wp\/v2\/types\/page"}],"author":[{"embeddable":true,"href":"https:\/\/pilkosh.com\/index.php?rest_route=\/wp\/v2\/users\/1"}],"replies":[{"embeddable":true,"href":"https:\/\/pilkosh.com\/index.php?rest_route=%2Fwp%2Fv2%2Fcomments&post=69"}],"version-history":[{"count":6,"href":"https:\/\/pilkosh.com\/index.php?rest_route=\/wp\/v2\/pages\/69\/revisions"}],"predecessor-version":[{"id":102,"href":"https:\/\/pilkosh.com\/index.php?rest_route=\/wp\/v2\/pages\/69\/revisions\/102"}],"wp:attachment":[{"href":"https:\/\/pilkosh.com\/index.php?rest_route=%2Fwp%2Fv2%2Fmedia&parent=69"}],"curies":[{"name":"wp","href":"https:\/\/api.w.org\/{rel}","templated":true}]}}