{"id":31,"date":"2023-12-07T21:50:55","date_gmt":"2023-12-07T20:50:55","guid":{"rendered":"https:\/\/pilkosh.com\/?post_type=product&#038;p=31"},"modified":"2023-12-08T22:17:16","modified_gmt":"2023-12-08T21:17:16","slug":"cafe-molido-250-gr","status":"publish","type":"product","link":"https:\/\/pilkosh.com\/?product=cafe-molido-250-gr","title":{"rendered":"Caf\u00e9 Molido (250 gr)"},"content":{"rendered":"<p class=\"cvGsUA direction-ltr align-justify para-style-body\"><span class=\"OYPEnA text-decoration-none text-strikethrough-none\">Producto de una meticulosa mezcla de granos de las variedades Bourbom, Geysha y Caturra, secado solar, con un tostado medio y molienda media gruesa.<\/span><\/p>\n<p class=\"cvGsUA direction-ltr align-justify para-style-body\">\n<p class=\"cvGsUA direction-ltr align-justify para-style-body\"><span class=\"OYPEnA text-decoration-none text-strikethrough-none\">Su cuidadoso procesamiento<\/span> <span class=\"OYPEnA text-decoration-none text-strikethrough-none\">permite resaltar su sabor en notas c\u00edtricas y frutos secos.<\/span><\/p>\n<p class=\"cvGsUA direction-ltr align-justify para-style-body\">\n<p class=\"cvGsUA direction-ltr align-justify para-style-body\"><span class=\"OYPEnA text-decoration-none text-strikethrough-none\">Recomendado para la cafetera de goteo, la prensa francesa y la cafetera italiana.<\/span><\/p>\n<p class=\"cvGsUA direction-ltr align-justify para-style-body\">\n<p class=\"cvGsUA direction-ltr align-justify para-style-body\"><span class=\"OYPEnA text-decoration-none text-strikethrough-none\">Puntaje : 83.5<\/span><\/p>\n","protected":false},"excerpt":{"rendered":"<p><span class=\"OYPEnA text-decoration-none text-strikethrough-none\">Cultivado en el Valle del Monz\u00f3n. regi\u00f3n Hu\u00e1nuco, a 1 600 msnm.<\/span><\/p>\n","protected":false},"featured_media":32,"template":"","meta":{"om_disable_all_campaigns":false,"_monsterinsights_skip_tracking":false,"_monsterinsights_sitenote_active":false,"_monsterinsights_sitenote_note":"","_monsterinsights_sitenote_category":0},"product_cat":[22],"product_tag":[],"aioseo_notices":[],"_links":{"self":[{"href":"https:\/\/pilkosh.com\/index.php?rest_route=\/wp\/v2\/product\/31"}],"collection":[{"href":"https:\/\/pilkosh.com\/index.php?rest_route=\/wp\/v2\/product"}],"about":[{"href":"https:\/\/pilkosh.com\/index.php?rest_route=\/wp\/v2\/types\/product"}],"wp:featuredmedia":[{"embeddable":true,"href":"https:\/\/pilkosh.com\/index.php?rest_route=\/wp\/v2\/media\/32"}],"wp:attachment":[{"href":"https:\/\/pilkosh.com\/index.php?rest_route=%2Fwp%2Fv2%2Fmedia&parent=31"}],"wp:term":[{"taxonomy":"product_cat","embeddable":true,"href":"https:\/\/pilkosh.com\/index.php?rest_route=%2Fwp%2Fv2%2Fproduct_cat&post=31"},{"taxonomy":"product_tag","embeddable":true,"href":"https:\/\/pilkosh.com\/index.php?rest_route=%2Fwp%2Fv2%2Fproduct_tag&post=31"}],"curies":[{"name":"wp","href":"https:\/\/api.w.org\/{rel}","templated":true}]}}